{"id":6517,"date":"2024-11-23T12:04:19","date_gmt":"2024-11-23T11:04:19","guid":{"rendered":"https:\/\/igum.pl\/?page_id=6517"},"modified":"2025-09-01T12:46:27","modified_gmt":"2025-09-01T10:46:27","slug":"na-sprzedaz","status":"publish","type":"page","link":"https:\/\/igum.pl\/en\/na-sprzedaz\/","title":{"rendered":"For sale"},"content":{"rendered":"<div data-elementor-type=\"wp-page\" data-elementor-id=\"6517\" class=\"elementor elementor-6517\">\n\t\t\t\t\t\t<section class=\"elementor-section elementor-top-section elementor-element elementor-element-15a815c elementor-section-boxed elementor-section-height-default elementor-section-height-default\" data-id=\"15a815c\" data-element_type=\"section\">\n\t\t\t\t\t\t<div class=\"elementor-container elementor-column-gap-default\">\n\t\t\t\t\t<div class=\"elementor-column elementor-col-100 elementor-top-column elementor-element elementor-element-defe148\" data-id=\"defe148\" data-element_type=\"column\">\n\t\t\t<div class=\"elementor-widget-wrap elementor-element-populated\">\n\t\t\t\t\t\t<div class=\"elementor-element elementor-element-aa5db8c elementor-widget elementor-widget-mae-vertical-lines\" data-id=\"aa5db8c\" data-element_type=\"widget\" data-widget_type=\"mae-vertical-lines.default\">\n\t\t\t\t<div class=\"elementor-widget-container\">\n\t\t\t\t\t        <div class=\"master-vertical-lines\">\n                            <div class=\"line elementor-repeater-item-1635f37\"><\/div> \n                            <div class=\"line elementor-repeater-item-8e93fdb\"><\/div> \n                            <div class=\"line elementor-repeater-item-ae0f20a\"><\/div> \n                            <div class=\"line elementor-repeater-item-298b641\"><\/div> \n                    <\/div>\n        \t\t\t\t<\/div>\n\t\t\t\t<\/div>\n\t\t\t\t\t<\/div>\n\t\t<\/div>\n\t\t\t\t\t<\/div>\n\t\t<\/section>\n\t\t\t\t<section class=\"elementor-section elementor-top-section elementor-element elementor-element-4c59f5e elementor-section-boxed elementor-section-height-default elementor-section-height-default\" data-id=\"4c59f5e\" data-element_type=\"section\">\n\t\t\t\t\t\t<div class=\"elementor-container elementor-column-gap-no\">\n\t\t\t\t\t<div class=\"elementor-column elementor-col-100 elementor-top-column elementor-element elementor-element-53df721\" data-id=\"53df721\" data-element_type=\"column\">\n\t\t\t<div class=\"elementor-widget-wrap elementor-element-populated\">\n\t\t\t\t\t\t<div class=\"elementor-element elementor-element-7e61fb1 elementor-widget elementor-widget-heading\" data-id=\"7e61fb1\" data-element_type=\"widget\" data-widget_type=\"heading.default\">\n\t\t\t\t<div class=\"elementor-widget-container\">\n\t\t\t\t\t<h2 class=\"elementor-heading-title elementor-size-default\">Materia\u0142 pr\u0119t \u00d817 42CrMo4 <br><\/h2>\t\t\t\t<\/div>\n\t\t\t\t<\/div>\n\t\t\t\t<div class=\"elementor-element elementor-element-f527225 elementor-widget elementor-widget-text-editor\" data-id=\"f527225\" data-element_type=\"widget\" data-widget_type=\"text-editor.default\">\n\t\t\t\t<div class=\"elementor-widget-container\">\n\t\t\t\t\t\t\t\t\t<p>Paczka o wadze oko\u0142o 900kg<\/p><p>Na materia\u0142 posiadamy certyfikat 3.1<\/p><p>kontakt:Tomasz HEDER\/Kierownik ds Rozwoju<\/p><p>tel.: +48\u00a0 662 264 875<\/p><p>mail: t.heder@igum.pl<\/p>\t\t\t\t\t\t\t\t<\/div>\n\t\t\t\t<\/div>\n\t\t\t\t<div class=\"elementor-element elementor-element-815d290 elementor-widget elementor-widget-image\" data-id=\"815d290\" data-element_type=\"widget\" data-widget_type=\"image.default\">\n\t\t\t\t<div class=\"elementor-widget-container\">\n\t\t\t\t\t\t\t\t\t\t\t\t\t\t\t<img fetchpriority=\"high\" decoding=\"async\" width=\"1024\" height=\"483\" src=\"https:\/\/igum.pl\/wp-content\/uploads\/2025\/04\/fi17-42CrMo4-WWW-1024x483.png\" class=\"attachment-large size-large wp-image-6912\" alt=\"\" srcset=\"https:\/\/igum.pl\/wp-content\/uploads\/2025\/04\/fi17-42CrMo4-WWW-1024x483.png 1024w, https:\/\/igum.pl\/wp-content\/uploads\/2025\/04\/fi17-42CrMo4-WWW-300x141.png 300w, https:\/\/igum.pl\/wp-content\/uploads\/2025\/04\/fi17-42CrMo4-WWW-768x362.png 768w, https:\/\/igum.pl\/wp-content\/uploads\/2025\/04\/fi17-42CrMo4-WWW-1536x724.png 1536w, https:\/\/igum.pl\/wp-content\/uploads\/2025\/04\/fi17-42CrMo4-WWW-2048x965.png 2048w, https:\/\/igum.pl\/wp-content\/uploads\/2025\/04\/fi17-42CrMo4-WWW-18x8.png 18w\" sizes=\"(max-width: 1024px) 100vw, 1024px\" \/>\t\t\t\t\t\t\t\t\t\t\t\t\t\t\t<\/div>\n\t\t\t\t<\/div>\n\t\t\t\t\t<\/div>\n\t\t<\/div>\n\t\t\t\t\t<\/div>\n\t\t<\/section>\n\t\t\t\t<section class=\"elementor-section elementor-top-section elementor-element elementor-element-8f035b5 elementor-section-boxed elementor-section-height-default elementor-section-height-default\" data-id=\"8f035b5\" data-element_type=\"section\">\n\t\t\t\t\t\t<div class=\"elementor-container elementor-column-gap-no\">\n\t\t\t\t\t<div class=\"elementor-column elementor-col-100 elementor-top-column elementor-element elementor-element-79ea9ae\" data-id=\"79ea9ae\" data-element_type=\"column\">\n\t\t\t<div class=\"elementor-widget-wrap\">\n\t\t\t\t\t\t\t<\/div>\n\t\t<\/div>\n\t\t\t\t\t<\/div>\n\t\t<\/section>\n\t\t<div class=\"elementor-element elementor-element-6e85e30 e-flex e-con-boxed e-con e-parent\" data-id=\"6e85e30\" data-element_type=\"container\">\n\t\t\t\t\t<div class=\"e-con-inner\">\n\t\t<div class=\"elementor-element elementor-element-3f9bff8 e-con-full e-flex e-con e-child\" data-id=\"3f9bff8\" data-element_type=\"container\">\n\t\t\t\t<div class=\"elementor-element elementor-element-00b8b67 elementor-widget elementor-widget-image\" data-id=\"00b8b67\" data-element_type=\"widget\" data-widget_type=\"image.default\">\n\t\t\t\t<div class=\"elementor-widget-container\">\n\t\t\t\t\t\t\t\t\t\t\t\t\t\t\t<img decoding=\"async\" width=\"576\" height=\"1024\" src=\"https:\/\/igum.pl\/wp-content\/uploads\/2025\/04\/P_20250407_105913-576x1024.jpg\" class=\"attachment-large size-large wp-image-6891\" alt=\"\" srcset=\"https:\/\/igum.pl\/wp-content\/uploads\/2025\/04\/P_20250407_105913-576x1024.jpg 576w, https:\/\/igum.pl\/wp-content\/uploads\/2025\/04\/P_20250407_105913-169x300.jpg 169w, https:\/\/igum.pl\/wp-content\/uploads\/2025\/04\/P_20250407_105913-768x1365.jpg 768w, https:\/\/igum.pl\/wp-content\/uploads\/2025\/04\/P_20250407_105913-864x1536.jpg 864w, https:\/\/igum.pl\/wp-content\/uploads\/2025\/04\/P_20250407_105913-1152x2048.jpg 1152w, https:\/\/igum.pl\/wp-content\/uploads\/2025\/04\/P_20250407_105913-7x12.jpg 7w, https:\/\/igum.pl\/wp-content\/uploads\/2025\/04\/P_20250407_105913-scaled.jpg 1440w\" sizes=\"(max-width: 576px) 100vw, 576px\" \/>\t\t\t\t\t\t\t\t\t\t\t\t\t\t\t<\/div>\n\t\t\t\t<\/div>\n\t\t\t\t<\/div>\n\t\t<div class=\"elementor-element elementor-element-5733920 e-con-full e-flex e-con e-child\" data-id=\"5733920\" data-element_type=\"container\">\n\t\t\t\t<div class=\"elementor-element elementor-element-6a056b1 elementor-widget__width-initial elementor-widget elementor-widget-heading\" data-id=\"6a056b1\" data-element_type=\"widget\" data-widget_type=\"heading.default\">\n\t\t\t\t<div class=\"elementor-widget-container\">\n\t\t\t\t\t<h3 class=\"elementor-heading-title elementor-size-default\">Materia\u0142 \u00d816,5 SAE4142<\/h3>\t\t\t\t<\/div>\n\t\t\t\t<\/div>\n\t\t\t\t<div class=\"elementor-element elementor-element-aac99f7 elementor-widget elementor-widget-text-editor\" data-id=\"aac99f7\" data-element_type=\"widget\" data-widget_type=\"text-editor.default\">\n\t\t\t\t<div class=\"elementor-widget-container\">\n\t\t\t\t\t\t\t\t\t<p>D\u0142ugo\u015b\u0107 ko\u0144c\u00f3wek w zakresie 150-300mm.<\/p><p>Odbi\u00f3r we w\u0142asnym zakresie.<\/p><p>Na materia\u0142 posiadamy certyfikat 3.1<\/p><p>kontakt:Tomasz HEDER\/Kierownik ds Rozwoju<\/p><p>tel.: +48\u00a0 662 264 875<\/p><p>mail: t.heder@igum.pl<\/p>\t\t\t\t\t\t\t\t<\/div>\n\t\t\t\t<\/div>\n\t\t\t\t<\/div>\n\t\t\t\t\t<\/div>\n\t\t\t\t<\/div>\n\t\t\t\t<\/div>","protected":false},"excerpt":{"rendered":"<p>Materia\u0142 pr\u0119t \u00d817 42CrMo4 Paczka o wadze oko\u0142o 900kg Na materia\u0142 posiadamy certyfikat 3.1 kontakt:Tomasz HEDER\/Kierownik ds Rozwoju tel.: +48\u00a0 662 264 875 mail: t.heder@igum.pl Materia\u0142 \u00d816,5 SAE4142 D\u0142ugo\u015b\u0107 ko\u0144c\u00f3wek w zakresie 150-300mm. Odbi\u00f3r we w\u0142asnym zakresie. Na materia\u0142 posiadamy certyfikat 3.1 kontakt:Tomasz HEDER\/Kierownik ds Rozwoju tel.: +48\u00a0 662 264<\/p>","protected":false},"author":1,"featured_media":0,"parent":0,"menu_order":0,"comment_status":"closed","ping_status":"closed","template":"","meta":{"footnotes":""},"class_list":["post-6517","page","type-page","status-publish","hentry"],"yoast_head":"<!-- This site is optimized with the Yoast SEO plugin v24.4 - https:\/\/yoast.com\/wordpress\/plugins\/seo\/ -->\n<title>Na sprzeda\u017c - Igum - Obr\u00f3bka Metali<\/title>\n<meta name=\"robots\" content=\"index, follow, max-snippet:-1, max-image-preview:large, max-video-preview:-1\" \/>\n<link rel=\"canonical\" href=\"https:\/\/igum.pl\/en\/na-sprzedaz\/\" \/>\n<meta property=\"og:locale\" content=\"en_GB\" \/>\n<meta property=\"og:type\" content=\"article\" \/>\n<meta property=\"og:title\" content=\"Na sprzeda\u017c - Igum - Obr\u00f3bka Metali\" \/>\n<meta property=\"og:description\" content=\"Materia\u0142 pr\u0119t \u00d817 42CrMo4 Paczka o wadze oko\u0142o 900kg Na materia\u0142 posiadamy certyfikat 3.1 kontakt:Tomasz HEDER\/Kierownik ds Rozwoju tel.: +48\u00a0 662 264 875 mail: t.heder@igum.pl Materia\u0142 \u00d816,5 SAE4142 D\u0142ugo\u015b\u0107 ko\u0144c\u00f3wek w zakresie 150-300mm. Odbi\u00f3r we w\u0142asnym zakresie. Na materia\u0142 posiadamy certyfikat 3.1 kontakt:Tomasz HEDER\/Kierownik ds Rozwoju tel.: +48\u00a0 662 264\" \/>\n<meta property=\"og:url\" content=\"https:\/\/igum.pl\/en\/na-sprzedaz\/\" \/>\n<meta property=\"og:site_name\" content=\"Igum - Obr\u00f3bka Metali\" \/>\n<meta property=\"article:modified_time\" content=\"2025-09-01T10:46:27+00:00\" \/>\n<meta property=\"og:image\" content=\"https:\/\/igum.pl\/wp-content\/uploads\/2025\/04\/fi17-42CrMo4-WWW-scaled.png\" \/>\n\t<meta property=\"og:image:width\" content=\"2560\" \/>\n\t<meta property=\"og:image:height\" content=\"1207\" \/>\n\t<meta property=\"og:image:type\" content=\"image\/png\" \/>\n<meta name=\"twitter:card\" content=\"summary_large_image\" \/>\n<meta name=\"twitter:label1\" content=\"Estimated reading time\" \/>\n\t<meta name=\"twitter:data1\" content=\"1 minute\" \/>\n<script type=\"application\/ld+json\" class=\"yoast-schema-graph\">{\"@context\":\"https:\/\/schema.org\",\"@graph\":[{\"@type\":\"WebPage\",\"@id\":\"https:\/\/igum.pl\/na-sprzedaz\/\",\"url\":\"https:\/\/igum.pl\/na-sprzedaz\/\",\"name\":\"Na sprzeda\u017c - Igum - Obr\u00f3bka Metali\",\"isPartOf\":{\"@id\":\"https:\/\/igum.pl\/#website\"},\"primaryImageOfPage\":{\"@id\":\"https:\/\/igum.pl\/na-sprzedaz\/#primaryimage\"},\"image\":{\"@id\":\"https:\/\/igum.pl\/na-sprzedaz\/#primaryimage\"},\"thumbnailUrl\":\"https:\/\/igum.pl\/wp-content\/uploads\/2025\/04\/fi17-42CrMo4-WWW-1024x483.png\",\"datePublished\":\"2024-11-23T11:04:19+00:00\",\"dateModified\":\"2025-09-01T10:46:27+00:00\",\"breadcrumb\":{\"@id\":\"https:\/\/igum.pl\/na-sprzedaz\/#breadcrumb\"},\"inLanguage\":\"en-GB\",\"potentialAction\":[{\"@type\":\"ReadAction\",\"target\":[\"https:\/\/igum.pl\/na-sprzedaz\/\"]}]},{\"@type\":\"ImageObject\",\"inLanguage\":\"en-GB\",\"@id\":\"https:\/\/igum.pl\/na-sprzedaz\/#primaryimage\",\"url\":\"https:\/\/igum.pl\/wp-content\/uploads\/2025\/04\/fi17-42CrMo4-WWW-1024x483.png\",\"contentUrl\":\"https:\/\/igum.pl\/wp-content\/uploads\/2025\/04\/fi17-42CrMo4-WWW-1024x483.png\"},{\"@type\":\"BreadcrumbList\",\"@id\":\"https:\/\/igum.pl\/na-sprzedaz\/#breadcrumb\",\"itemListElement\":[{\"@type\":\"ListItem\",\"position\":1,\"name\":\"Strona g\u0142\u00f3wna\",\"item\":\"https:\/\/igum.pl\/\"},{\"@type\":\"ListItem\",\"position\":2,\"name\":\"Na sprzeda\u017c\"}]},{\"@type\":\"WebSite\",\"@id\":\"https:\/\/igum.pl\/#website\",\"url\":\"https:\/\/igum.pl\/\",\"name\":\"Igum - Obr\u00f3bka Metali\",\"description\":\"\",\"potentialAction\":[{\"@type\":\"SearchAction\",\"target\":{\"@type\":\"EntryPoint\",\"urlTemplate\":\"https:\/\/igum.pl\/?s={search_term_string}\"},\"query-input\":{\"@type\":\"PropertyValueSpecification\",\"valueRequired\":true,\"valueName\":\"search_term_string\"}}],\"inLanguage\":\"en-GB\"}]}<\/script>\n<!-- \/ Yoast SEO plugin. -->","yoast_head_json":{"title":"Na sprzeda\u017c - Igum - Obr\u00f3bka Metali","robots":{"index":"index","follow":"follow","max-snippet":"max-snippet:-1","max-image-preview":"max-image-preview:large","max-video-preview":"max-video-preview:-1"},"canonical":"https:\/\/igum.pl\/en\/na-sprzedaz\/","og_locale":"en_GB","og_type":"article","og_title":"Na sprzeda\u017c - Igum - Obr\u00f3bka Metali","og_description":"Materia\u0142 pr\u0119t \u00d817 42CrMo4 Paczka o wadze oko\u0142o 900kg Na materia\u0142 posiadamy certyfikat 3.1 kontakt:Tomasz HEDER\/Kierownik ds Rozwoju tel.: +48\u00a0 662 264 875 mail: t.heder@igum.pl Materia\u0142 \u00d816,5 SAE4142 D\u0142ugo\u015b\u0107 ko\u0144c\u00f3wek w zakresie 150-300mm. Odbi\u00f3r we w\u0142asnym zakresie. Na materia\u0142 posiadamy certyfikat 3.1 kontakt:Tomasz HEDER\/Kierownik ds Rozwoju tel.: +48\u00a0 662 264","og_url":"https:\/\/igum.pl\/en\/na-sprzedaz\/","og_site_name":"Igum - Obr\u00f3bka Metali","article_modified_time":"2025-09-01T10:46:27+00:00","og_image":[{"width":2560,"height":1207,"url":"https:\/\/igum.pl\/wp-content\/uploads\/2025\/04\/fi17-42CrMo4-WWW-scaled.png","type":"image\/png"}],"twitter_card":"summary_large_image","twitter_misc":{"Estimated reading time":"1 minute"},"schema":{"@context":"https:\/\/schema.org","@graph":[{"@type":"WebPage","@id":"https:\/\/igum.pl\/na-sprzedaz\/","url":"https:\/\/igum.pl\/na-sprzedaz\/","name":"Na sprzeda\u017c - Igum - Obr\u00f3bka Metali","isPartOf":{"@id":"https:\/\/igum.pl\/#website"},"primaryImageOfPage":{"@id":"https:\/\/igum.pl\/na-sprzedaz\/#primaryimage"},"image":{"@id":"https:\/\/igum.pl\/na-sprzedaz\/#primaryimage"},"thumbnailUrl":"https:\/\/igum.pl\/wp-content\/uploads\/2025\/04\/fi17-42CrMo4-WWW-1024x483.png","datePublished":"2024-11-23T11:04:19+00:00","dateModified":"2025-09-01T10:46:27+00:00","breadcrumb":{"@id":"https:\/\/igum.pl\/na-sprzedaz\/#breadcrumb"},"inLanguage":"en-GB","potentialAction":[{"@type":"ReadAction","target":["https:\/\/igum.pl\/na-sprzedaz\/"]}]},{"@type":"ImageObject","inLanguage":"en-GB","@id":"https:\/\/igum.pl\/na-sprzedaz\/#primaryimage","url":"https:\/\/igum.pl\/wp-content\/uploads\/2025\/04\/fi17-42CrMo4-WWW-1024x483.png","contentUrl":"https:\/\/igum.pl\/wp-content\/uploads\/2025\/04\/fi17-42CrMo4-WWW-1024x483.png"},{"@type":"BreadcrumbList","@id":"https:\/\/igum.pl\/na-sprzedaz\/#breadcrumb","itemListElement":[{"@type":"ListItem","position":1,"name":"Strona g\u0142\u00f3wna","item":"https:\/\/igum.pl\/"},{"@type":"ListItem","position":2,"name":"Na sprzeda\u017c"}]},{"@type":"WebSite","@id":"https:\/\/igum.pl\/#website","url":"https:\/\/igum.pl\/","name":"Igum - Obr\u00f3bka Metali","description":"","potentialAction":[{"@type":"SearchAction","target":{"@type":"EntryPoint","urlTemplate":"https:\/\/igum.pl\/?s={search_term_string}"},"query-input":{"@type":"PropertyValueSpecification","valueRequired":true,"valueName":"search_term_string"}}],"inLanguage":"en-GB"}]}},"_links":{"self":[{"href":"https:\/\/igum.pl\/en\/wp-json\/wp\/v2\/pages\/6517","targetHints":{"allow":["GET"]}}],"collection":[{"href":"https:\/\/igum.pl\/en\/wp-json\/wp\/v2\/pages"}],"about":[{"href":"https:\/\/igum.pl\/en\/wp-json\/wp\/v2\/types\/page"}],"author":[{"embeddable":true,"href":"https:\/\/igum.pl\/en\/wp-json\/wp\/v2\/users\/1"}],"replies":[{"embeddable":true,"href":"https:\/\/igum.pl\/en\/wp-json\/wp\/v2\/comments?post=6517"}],"version-history":[{"count":41,"href":"https:\/\/igum.pl\/en\/wp-json\/wp\/v2\/pages\/6517\/revisions"}],"predecessor-version":[{"id":6928,"href":"https:\/\/igum.pl\/en\/wp-json\/wp\/v2\/pages\/6517\/revisions\/6928"}],"wp:attachment":[{"href":"https:\/\/igum.pl\/en\/wp-json\/wp\/v2\/media?parent=6517"}],"curies":[{"name":"wp","href":"https:\/\/api.w.org\/{rel}","templated":true}]}}