{"id":5992,"date":"2024-09-27T21:32:03","date_gmt":"2024-09-27T19:32:03","guid":{"rendered":"https:\/\/igum.pl\/?page_id=5992"},"modified":"2024-11-12T00:05:44","modified_gmt":"2024-11-11T23:05:44","slug":"kariera","status":"publish","type":"page","link":"https:\/\/igum.pl\/en\/kariera\/","title":{"rendered":"Career"},"content":{"rendered":"<div data-elementor-type=\"wp-page\" data-elementor-id=\"5992\" class=\"elementor elementor-5992\">\n\t\t\t\t\t\t<section class=\"elementor-section elementor-top-section elementor-element elementor-element-dc7f05b elementor-section-boxed elementor-section-height-default elementor-section-height-default\" data-id=\"dc7f05b\" data-element_type=\"section\">\n\t\t\t\t\t\t<div class=\"elementor-container elementor-column-gap-no\">\n\t\t\t\t\t<div class=\"elementor-column elementor-col-100 elementor-top-column elementor-element elementor-element-4f8fecd\" data-id=\"4f8fecd\" data-element_type=\"column\">\n\t\t\t<div class=\"elementor-widget-wrap elementor-element-populated\">\n\t\t\t\t\t\t<div class=\"elementor-element elementor-element-3a8c48c align-center heading-default elementor-widget elementor-widget-mae-headings\" data-id=\"3a8c48c\" data-element_type=\"widget\" data-widget_type=\"mae-headings.default\">\n\t\t\t\t<div class=\"elementor-widget-container\">\n\t\t\t\t\t\t\t<div class=\"master-heading sep-none\">\n\t\t\t\t\t\t\t        \t        \t<div class=\"pre-heading\"><span class=\"line\"><span class=\"inner\"><\/span><\/span>Career<\/div>\n\t        \n\t        \n\t        \t        <h2 class=\"main-heading\">Positions for which we are currently looking for employees\n<\/h2>\n\t        \n\t        \n\t        \t    <\/div>\n\t    \t\t\t\t<\/div>\n\t\t\t\t<\/div>\n\t\t\t\t\t<\/div>\n\t\t<\/div>\n\t\t\t\t\t<\/div>\n\t\t<\/section>\n\t\t<div class=\"elementor-element elementor-element-6bd0497 e-flex e-con-boxed e-con e-parent\" data-id=\"6bd0497\" data-element_type=\"container\">\n\t\t\t\t\t<div class=\"e-con-inner\">\n\t\t\t\t<div class=\"elementor-element elementor-element-5f96d20 elementor-widget elementor-widget-shortcode\" data-id=\"5f96d20\" data-element_type=\"widget\" data-widget_type=\"shortcode.default\">\n\t\t\t\t<div class=\"elementor-widget-container\">\n\t\t\t\t\t\t\t<div class=\"elementor-shortcode\"><div class=\"job_listings\" data-location=\"\" data-keywords=\"\" data-show_filters=\"true\" data-show_pagination=\"false\" data-per_page=\"10\" data-orderby=\"featured\" data-order=\"DESC\" data-categories=\"\" data-disable-form-state-storage=\"\" data-featured_first=\"false\" data-post_id=\"789\" >\n<form class=\"job_filters\" action=\"\">\n\t\n\t<div class=\"search_jobs\">\n\t\t\n\t\t<div class=\"search_keywords\">\n\t\t\t<label for=\"search_keywords\">Keywords<\/label>\n\t\t\t<input type=\"text\" name=\"search_keywords\" id=\"search_keywords\" placeholder=\"Keywords\" value=\"\" \/>\n\t\t<\/div>\n\n\t\t<div class=\"search_location\">\n\t\t\t<label for=\"search_location\">Location<\/label>\n\t\t\t<input type=\"text\" name=\"search_location\" id=\"search_location\" placeholder=\"Location\" value=\"\" \/>\n\t\t<\/div>\n\n\t\t\n\t\t<div style=\"clear: both\"><\/div>\n\n\t\t\n\t\t\t\t\t<div class=\"search_submit\">\n\t\t\t\t<input type=\"submit\" value=\"Search Jobs\">\n\t\t\t<\/div>\n\t\t\n\t\t\t<\/div>\n\n\t\t<ul class=\"job_types\">\n\t\t\t<\/ul>\n\t<input type=\"hidden\" name=\"filter_job_type[]\" value=\"\" \/>\n<div class=\"showing_jobs\"><\/div><input type=\"hidden\" name=\"trp-form-language\" value=\"en\"\/><\/form>\n\n\n<noscript>Your browser does not support JavaScript, or it is disabled. JavaScript must be enabled in order to view listings.<\/noscript>\n<ul class=\"job_listings\">\n<\/ul>\n<a class=\"load_more_jobs\" href=\"#\" style=\"display:none;\"><strong>Load more listings<\/strong><\/a><\/div><\/div>\n\t\t\t\t\t\t<\/div>\n\t\t\t\t<\/div>\n\t\t\t\t\t<\/div>\n\t\t\t\t<\/div>\n\t\t\t\t<\/div>","protected":false},"excerpt":{"rendered":"<p>Kariera Stanowiska, na kt\u00f3re obecnie poszukujemy pracownik\u00f3w<\/p>","protected":false},"author":1,"featured_media":0,"parent":0,"menu_order":0,"comment_status":"closed","ping_status":"closed","template":"","meta":{"footnotes":""},"class_list":["post-5992","page","type-page","status-publish","hentry"],"yoast_head":"<!-- This site is optimized with the Yoast SEO plugin v24.4 - https:\/\/yoast.com\/wordpress\/plugins\/seo\/ -->\n<title>Kariera - Igum - Obr\u00f3bka Metali<\/title>\n<meta name=\"robots\" content=\"index, follow, max-snippet:-1, max-image-preview:large, max-video-preview:-1\" \/>\n<link rel=\"canonical\" href=\"https:\/\/igum.pl\/en\/kariera\/\" \/>\n<meta property=\"og:locale\" content=\"en_GB\" \/>\n<meta property=\"og:type\" content=\"article\" \/>\n<meta property=\"og:title\" content=\"Kariera - Igum - Obr\u00f3bka Metali\" \/>\n<meta property=\"og:description\" content=\"Kariera Stanowiska, na kt\u00f3re obecnie poszukujemy pracownik\u00f3w\" \/>\n<meta property=\"og:url\" content=\"https:\/\/igum.pl\/en\/kariera\/\" \/>\n<meta property=\"og:site_name\" content=\"Igum - Obr\u00f3bka Metali\" \/>\n<meta property=\"article:modified_time\" content=\"2024-11-11T23:05:44+00:00\" \/>\n<meta name=\"twitter:card\" content=\"summary_large_image\" \/>\n<script type=\"application\/ld+json\" class=\"yoast-schema-graph\">{\"@context\":\"https:\/\/schema.org\",\"@graph\":[{\"@type\":\"WebPage\",\"@id\":\"https:\/\/igum.pl\/kariera\/\",\"url\":\"https:\/\/igum.pl\/kariera\/\",\"name\":\"Kariera - Igum - Obr\u00f3bka Metali\",\"isPartOf\":{\"@id\":\"https:\/\/igum.pl\/#website\"},\"datePublished\":\"2024-09-27T19:32:03+00:00\",\"dateModified\":\"2024-11-11T23:05:44+00:00\",\"breadcrumb\":{\"@id\":\"https:\/\/igum.pl\/kariera\/#breadcrumb\"},\"inLanguage\":\"en-GB\",\"potentialAction\":[{\"@type\":\"ReadAction\",\"target\":[\"https:\/\/igum.pl\/kariera\/\"]}]},{\"@type\":\"BreadcrumbList\",\"@id\":\"https:\/\/igum.pl\/kariera\/#breadcrumb\",\"itemListElement\":[{\"@type\":\"ListItem\",\"position\":1,\"name\":\"Strona g\u0142\u00f3wna\",\"item\":\"https:\/\/igum.pl\/\"},{\"@type\":\"ListItem\",\"position\":2,\"name\":\"Kariera\"}]},{\"@type\":\"WebSite\",\"@id\":\"https:\/\/igum.pl\/#website\",\"url\":\"https:\/\/igum.pl\/\",\"name\":\"Igum - Obr\u00f3bka Metali\",\"description\":\"\",\"potentialAction\":[{\"@type\":\"SearchAction\",\"target\":{\"@type\":\"EntryPoint\",\"urlTemplate\":\"https:\/\/igum.pl\/?s={search_term_string}\"},\"query-input\":{\"@type\":\"PropertyValueSpecification\",\"valueRequired\":true,\"valueName\":\"search_term_string\"}}],\"inLanguage\":\"en-GB\"}]}<\/script>\n<!-- \/ Yoast SEO plugin. -->","yoast_head_json":{"title":"Kariera - Igum - Obr\u00f3bka Metali","robots":{"index":"index","follow":"follow","max-snippet":"max-snippet:-1","max-image-preview":"max-image-preview:large","max-video-preview":"max-video-preview:-1"},"canonical":"https:\/\/igum.pl\/en\/kariera\/","og_locale":"en_GB","og_type":"article","og_title":"Kariera - Igum - Obr\u00f3bka Metali","og_description":"Kariera Stanowiska, na kt\u00f3re obecnie poszukujemy pracownik\u00f3w","og_url":"https:\/\/igum.pl\/en\/kariera\/","og_site_name":"Igum - Obr\u00f3bka Metali","article_modified_time":"2024-11-11T23:05:44+00:00","twitter_card":"summary_large_image","schema":{"@context":"https:\/\/schema.org","@graph":[{"@type":"WebPage","@id":"https:\/\/igum.pl\/kariera\/","url":"https:\/\/igum.pl\/kariera\/","name":"Kariera - Igum - Obr\u00f3bka Metali","isPartOf":{"@id":"https:\/\/igum.pl\/#website"},"datePublished":"2024-09-27T19:32:03+00:00","dateModified":"2024-11-11T23:05:44+00:00","breadcrumb":{"@id":"https:\/\/igum.pl\/kariera\/#breadcrumb"},"inLanguage":"en-GB","potentialAction":[{"@type":"ReadAction","target":["https:\/\/igum.pl\/kariera\/"]}]},{"@type":"BreadcrumbList","@id":"https:\/\/igum.pl\/kariera\/#breadcrumb","itemListElement":[{"@type":"ListItem","position":1,"name":"Strona g\u0142\u00f3wna","item":"https:\/\/igum.pl\/"},{"@type":"ListItem","position":2,"name":"Kariera"}]},{"@type":"WebSite","@id":"https:\/\/igum.pl\/#website","url":"https:\/\/igum.pl\/","name":"Igum - Obr\u00f3bka Metali","description":"","potentialAction":[{"@type":"SearchAction","target":{"@type":"EntryPoint","urlTemplate":"https:\/\/igum.pl\/?s={search_term_string}"},"query-input":{"@type":"PropertyValueSpecification","valueRequired":true,"valueName":"search_term_string"}}],"inLanguage":"en-GB"}]}},"_links":{"self":[{"href":"https:\/\/igum.pl\/en\/wp-json\/wp\/v2\/pages\/5992","targetHints":{"allow":["GET"]}}],"collection":[{"href":"https:\/\/igum.pl\/en\/wp-json\/wp\/v2\/pages"}],"about":[{"href":"https:\/\/igum.pl\/en\/wp-json\/wp\/v2\/types\/page"}],"author":[{"embeddable":true,"href":"https:\/\/igum.pl\/en\/wp-json\/wp\/v2\/users\/1"}],"replies":[{"embeddable":true,"href":"https:\/\/igum.pl\/en\/wp-json\/wp\/v2\/comments?post=5992"}],"version-history":[{"count":7,"href":"https:\/\/igum.pl\/en\/wp-json\/wp\/v2\/pages\/5992\/revisions"}],"predecessor-version":[{"id":6443,"href":"https:\/\/igum.pl\/en\/wp-json\/wp\/v2\/pages\/5992\/revisions\/6443"}],"wp:attachment":[{"href":"https:\/\/igum.pl\/en\/wp-json\/wp\/v2\/media?parent=5992"}],"curies":[{"name":"wp","href":"https:\/\/api.w.org\/{rel}","templated":true}]}}