{"id":3874,"date":"2023-10-03T05:59:32","date_gmt":"2023-10-03T05:59:32","guid":{"rendered":"https:\/\/tplabs.co\/tombuild\/?page_id=3874"},"modified":"2025-01-29T21:02:06","modified_gmt":"2025-01-29T20:02:06","slug":"o-nas","status":"publish","type":"page","link":"https:\/\/igum.pl\/en\/o-nas\/","title":{"rendered":"About"},"content":{"rendered":"<div data-elementor-type=\"wp-page\" data-elementor-id=\"3874\" class=\"elementor elementor-3874\">\n\t\t\t\t\t\t<section class=\"elementor-section elementor-top-section elementor-element elementor-element-a6b6b20 elementor-section-boxed elementor-section-height-default elementor-section-height-default\" data-id=\"a6b6b20\" data-element_type=\"section\">\n\t\t\t\t\t\t<div class=\"elementor-container elementor-column-gap-default\">\n\t\t\t\t\t<div class=\"elementor-column elementor-col-100 elementor-top-column elementor-element elementor-element-28761d7\" data-id=\"28761d7\" data-element_type=\"column\">\n\t\t\t<div class=\"elementor-widget-wrap elementor-element-populated\">\n\t\t\t\t\t\t<div class=\"elementor-element elementor-element-f75a58f elementor-widget elementor-widget-mae-vertical-lines\" data-id=\"f75a58f\" data-element_type=\"widget\" data-widget_type=\"mae-vertical-lines.default\">\n\t\t\t\t<div class=\"elementor-widget-container\">\n\t\t\t\t\t        <div class=\"master-vertical-lines\">\n                            <div class=\"line elementor-repeater-item-1635f37\"><\/div> \n                            <div class=\"line elementor-repeater-item-8e93fdb\"><\/div> \n                            <div class=\"line elementor-repeater-item-ae0f20a\"><\/div> \n                            <div class=\"line elementor-repeater-item-298b641\"><\/div> \n                    <\/div>\n        \t\t\t\t<\/div>\n\t\t\t\t<\/div>\n\t\t\t\t\t<\/div>\n\t\t<\/div>\n\t\t\t\t\t<\/div>\n\t\t<\/section>\n\t\t\t\t<section class=\"elementor-section elementor-top-section elementor-element elementor-element-5277c0f elementor-section-boxed elementor-section-height-default elementor-section-height-default\" data-id=\"5277c0f\" data-element_type=\"section\">\n\t\t\t\t\t\t<div class=\"elementor-container elementor-column-gap-no\">\n\t\t\t\t\t<div class=\"elementor-column elementor-col-100 elementor-top-column elementor-element elementor-element-3f71296\" data-id=\"3f71296\" data-element_type=\"column\">\n\t\t\t<div class=\"elementor-widget-wrap elementor-element-populated\">\n\t\t\t\t\t\t<div class=\"elementor-element elementor-element-7baade2 elementor-widget elementor-widget-spacer\" data-id=\"7baade2\" data-element_type=\"widget\" data-widget_type=\"spacer.default\">\n\t\t\t\t<div class=\"elementor-widget-container\">\n\t\t\t\t\t\t\t<div class=\"elementor-spacer\">\n\t\t\t<div class=\"elementor-spacer-inner\"><\/div>\n\t\t<\/div>\n\t\t\t\t\t\t<\/div>\n\t\t\t\t<\/div>\n\t\t\t\t<div class=\"elementor-element elementor-element-76fce46 align-center heading-default elementor-widget elementor-widget-mae-headings\" data-id=\"76fce46\" data-element_type=\"widget\" data-widget_type=\"mae-headings.default\">\n\t\t\t\t<div class=\"elementor-widget-container\">\n\t\t\t\t\t\t\t<div class=\"master-heading sep-none\">\n\t\t\t\t\t\t\t        \t        \t<div class=\"pre-heading\"><span class=\"line\"><span class=\"inner\"><\/span><\/span>About<\/div>\n\t        \n\t        \n\t        \t        <h2 class=\"main-heading\">Profesjonalizm, innowacja i do\u015bwiadczenie. poznaj IGUM Sp. z o.o.\n\n<\/h2>\n\t        \n\t        \n\t        \t    <\/div>\n\t    \t\t\t\t<\/div>\n\t\t\t\t<\/div>\n\t\t\t\t<section class=\"elementor-section elementor-inner-section elementor-element elementor-element-f690eff elementor-section-content-top elementor-section-boxed elementor-section-height-default elementor-section-height-default\" data-id=\"f690eff\" data-element_type=\"section\">\n\t\t\t\t\t\t<div class=\"elementor-container elementor-column-gap-default\">\n\t\t\t\t\t<div class=\"elementor-column elementor-col-50 elementor-inner-column elementor-element elementor-element-930d122\" data-id=\"930d122\" data-element_type=\"column\">\n\t\t\t<div class=\"elementor-widget-wrap elementor-element-populated\">\n\t\t\t\t\t\t<div class=\"elementor-element elementor-element-2f754aa image-width-full elementor-widget elementor-widget-mae-gallery-stack\" data-id=\"2f754aa\" data-element_type=\"widget\" data-widget_type=\"mae-gallery-stack.default\">\n\t\t\t\t<div class=\"elementor-widget-container\">\n\t\t\t\t\t\t\t<div class=\"master-gallery-stack\">\n\t\t\t<div class=\"master-fancy-image master-animation elementor-repeater-item-ff46b63\" data-top=\"0px\" data-animation=\"reveal revealTop2\" data-calcheight=\"no\">\n    \t\t\t\t\t\t\t\t\t<div class=\"image-wrap\"><img fetchpriority=\"high\" decoding=\"async\" width=\"1024\" height=\"768\" src=\"https:\/\/igum.pl\/wp-content\/uploads\/2025\/01\/szlifierka-CNC-do-otworow.png\" class=\"attachment-full size-full\" alt=\"\" srcset=\"https:\/\/igum.pl\/wp-content\/uploads\/2025\/01\/szlifierka-CNC-do-otworow.png 1024w, https:\/\/igum.pl\/wp-content\/uploads\/2025\/01\/szlifierka-CNC-do-otworow-300x225.png 300w, https:\/\/igum.pl\/wp-content\/uploads\/2025\/01\/szlifierka-CNC-do-otworow-768x576.png 768w, https:\/\/igum.pl\/wp-content\/uploads\/2025\/01\/szlifierka-CNC-do-otworow-16x12.png 16w\" sizes=\"(max-width: 1024px) 100vw, 1024px\" \/><\/div>\n    \t\t\t\t\t\t\t\t<\/div>\t\t<\/div>\n\t    \t\t\t\t<\/div>\n\t\t\t\t<\/div>\n\t\t\t\t\t<\/div>\n\t\t<\/div>\n\t\t\t\t<div class=\"elementor-column elementor-col-50 elementor-inner-column elementor-element elementor-element-656ac03\" data-id=\"656ac03\" data-element_type=\"column\">\n\t\t\t<div class=\"elementor-widget-wrap elementor-element-populated\">\n\t\t\t\t\t\t<div class=\"elementor-element elementor-element-72ad39f elementor-widget elementor-widget-heading\" data-id=\"72ad39f\" data-element_type=\"widget\" data-widget_type=\"heading.default\">\n\t\t\t\t<div class=\"elementor-widget-container\">\n\t\t\t\t\t<h2 class=\"elementor-heading-title elementor-size-default\">Dostarczamy jako\u015b\u0107 i precyzj\u0119 w ka\u017cdym projekcie\n\n<\/h2>\t\t\t\t<\/div>\n\t\t\t\t<\/div>\n\t\t\t\t<div class=\"elementor-element elementor-element-74e90ac elementor-widget-divider--view-line elementor-widget elementor-widget-divider\" data-id=\"74e90ac\" data-element_type=\"widget\" data-widget_type=\"divider.default\">\n\t\t\t\t<div class=\"elementor-widget-container\">\n\t\t\t\t\t\t\t<div class=\"elementor-divider\">\n\t\t\t<span class=\"elementor-divider-separator\">\n\t\t\t\t\t\t<\/span>\n\t\t<\/div>\n\t\t\t\t\t\t<\/div>\n\t\t\t\t<\/div>\n\t\t\t\t<div class=\"elementor-element elementor-element-30563e6 elementor-widget elementor-widget-text-editor\" data-id=\"30563e6\" data-element_type=\"widget\" data-widget_type=\"text-editor.default\">\n\t\t\t\t<div class=\"elementor-widget-container\">\n\t\t\t\t\t\t\t\t\t<p>Przedsi\u0119biorstwo Handlowo-Us\u0142ugowo-Produkcyjne IGUM Sp. z o.o. z siedzib\u0105 w Bielsku-Bia\u0142ej jest liderem w dziedzinie precyzyjnej obr\u00f3bki metali, dostarczaj\u0105cym wysokiej jako\u015bci komponenty dla przemys\u0142u motoryzacyjnego, maszynowego oraz wielu innych bran\u017c. Od momentu za\u0142o\u017cenia firmy w 1988 roku, nasza misja pozostaje niezmienna: tworzy\u0107 trwa\u0142e, niezawodne i precyzyjne rozwi\u0105zania, kt\u00f3re spe\u0142niaj\u0105 najwy\u017csze standardy jako\u015bci.<\/p><p>Dzi\u0119ki ponad 30-letniemu do\u015bwiadczeniu zdobyli\u015bmy zaufanie wielu renomowanych klient\u00f3w zar\u00f3wno w Polsce, jak i za granic\u0105. Nasza firma stale si\u0119 rozwija, inwestuj\u0105c w nowoczesne technologie i innowacyjne procesy produkcyjne. Dysponujemy zaawansowanym parkiem maszynowym, w kt\u00f3rym znajduj\u0105 si\u0119 m.in. stanowiska zrobotyzowane oraz w pe\u0142ni wyposa\u017cone laboratorium pomiarowe, co pozwala nam na realizacj\u0119 nawet najbardziej skomplikowanych zam\u00f3wie\u0144 z wyj\u0105tkow\u0105 precyzj\u0105.<\/p>\t\t\t\t\t\t\t\t<\/div>\n\t\t\t\t<\/div>\n\t\t\t\t\t<\/div>\n\t\t<\/div>\n\t\t\t\t\t<\/div>\n\t\t<\/section>\n\t\t\t\t\t<\/div>\n\t\t<\/div>\n\t\t\t\t\t<\/div>\n\t\t<\/section>\n\t\t\t\t<section class=\"elementor-section elementor-top-section elementor-element elementor-element-b9ba705 elementor-section-boxed elementor-section-height-default elementor-section-height-default\" data-id=\"b9ba705\" data-element_type=\"section\">\n\t\t\t\t\t\t<div class=\"elementor-container elementor-column-gap-no\">\n\t\t\t\t\t<div class=\"elementor-column elementor-col-100 elementor-top-column elementor-element elementor-element-16b8881\" data-id=\"16b8881\" data-element_type=\"column\">\n\t\t\t<div class=\"elementor-widget-wrap elementor-element-populated\">\n\t\t\t\t\t\t<div class=\"elementor-element elementor-element-49d247c elementor-widget elementor-widget-spacer\" data-id=\"49d247c\" data-element_type=\"widget\" data-widget_type=\"spacer.default\">\n\t\t\t\t<div class=\"elementor-widget-container\">\n\t\t\t\t\t\t\t<div class=\"elementor-spacer\">\n\t\t\t<div class=\"elementor-spacer-inner\"><\/div>\n\t\t<\/div>\n\t\t\t\t\t\t<\/div>\n\t\t\t\t<\/div>\n\t\t\t\t<section class=\"elementor-section elementor-inner-section elementor-element elementor-element-6f5a486 elementor-section-content-bottom elementor-section-boxed elementor-section-height-default elementor-section-height-default\" data-id=\"6f5a486\" data-element_type=\"section\">\n\t\t\t\t\t\t<div class=\"elementor-container elementor-column-gap-default\">\n\t\t\t\t\t<div class=\"elementor-column elementor-col-50 elementor-inner-column elementor-element elementor-element-9555696\" data-id=\"9555696\" data-element_type=\"column\">\n\t\t\t<div class=\"elementor-widget-wrap elementor-element-populated\">\n\t\t\t\t\t\t<div class=\"elementor-element elementor-element-198825c elementor-widget elementor-widget-heading\" data-id=\"198825c\" data-element_type=\"widget\" data-widget_type=\"heading.default\">\n\t\t\t\t<div class=\"elementor-widget-container\">\n\t\t\t\t\t<h2 class=\"elementor-heading-title elementor-size-default\">Do\u015bwiadczenie, Partnerstwo i Innowacja w obr\u00f3bce metali\n<\/h2>\t\t\t\t<\/div>\n\t\t\t\t<\/div>\n\t\t\t\t<div class=\"elementor-element elementor-element-852cb01 elementor-widget-divider--view-line elementor-widget elementor-widget-divider\" data-id=\"852cb01\" data-element_type=\"widget\" data-widget_type=\"divider.default\">\n\t\t\t\t<div class=\"elementor-widget-container\">\n\t\t\t\t\t\t\t<div class=\"elementor-divider\">\n\t\t\t<span class=\"elementor-divider-separator\">\n\t\t\t\t\t\t<\/span>\n\t\t<\/div>\n\t\t\t\t\t\t<\/div>\n\t\t\t\t<\/div>\n\t\t\t\t<div class=\"elementor-element elementor-element-2bdf676 elementor-widget elementor-widget-text-editor\" data-id=\"2bdf676\" data-element_type=\"widget\" data-widget_type=\"text-editor.default\">\n\t\t\t\t<div class=\"elementor-widget-container\">\n\t\t\t\t\t\t\t\t\t<p>Nasza firma od lat dostarcza precyzyjne rozwi\u0105zania dla przemys\u0142u, spe\u0142niaj\u0105c indywidualne potrzeby naszych klient\u00f3w. Dzi\u0119ki najnowszym technologiom oraz zaanga\u017cowaniu w rozw\u00f3j zapewniamy najwy\u017csz\u0105 jako\u015b\u0107 obs\u0142ugi i produkt\u00f3w. Wsp\u00f3\u0142pracujemy z globalnymi i lokalnymi partnerami, zapewniaj\u0105c im kompleksowe wsparcie i dostosowanie do specyficznych wymaga\u0144.<\/p>\t\t\t\t\t\t\t\t<\/div>\n\t\t\t\t<\/div>\n\t\t\t\t\t<\/div>\n\t\t<\/div>\n\t\t\t\t<div class=\"elementor-column elementor-col-50 elementor-inner-column elementor-element elementor-element-1231697\" data-id=\"1231697\" data-element_type=\"column\">\n\t\t\t<div class=\"elementor-widget-wrap elementor-element-populated\">\n\t\t\t\t\t\t<div class=\"elementor-element elementor-element-9db0d34 elementor-widget elementor-widget-text-editor\" data-id=\"9db0d34\" data-element_type=\"widget\" data-widget_type=\"text-editor.default\">\n\t\t\t\t<div class=\"elementor-widget-container\">\n\t\t\t\t\t\t\t\t\t<p>D\u0105\u017cymy do doskona\u0142o\u015bci w ka\u017cdym projekcie i cieszymy si\u0119 zaufaniem klient\u00f3w z bran\u017cy motoryzacyjnej oraz wielu innych sektor\u00f3w przemys\u0142owych. Nasza firma stale si\u0119 rozwija, wprowadzaj\u0105c innowacyjne procesy oraz udoskonalaj\u0105c metody pracy. Ka\u017cdy projekt realizujemy z pe\u0142nym zaanga\u017cowaniem, zapewniaj\u0105c wysok\u0105 jako\u015b\u0107 oraz zgodno\u015b\u0107 z wymaganiami rynkowymi.<\/p>\t\t\t\t\t\t\t\t<\/div>\n\t\t\t\t<\/div>\n\t\t\t\t\t<\/div>\n\t\t<\/div>\n\t\t\t\t\t<\/div>\n\t\t<\/section>\n\t\t\t\t<div class=\"elementor-element elementor-element-e8f8bac elementor-widget elementor-widget-spacer\" data-id=\"e8f8bac\" data-element_type=\"widget\" data-widget_type=\"spacer.default\">\n\t\t\t\t<div class=\"elementor-widget-container\">\n\t\t\t\t\t\t\t<div class=\"elementor-spacer\">\n\t\t\t<div class=\"elementor-spacer-inner\"><\/div>\n\t\t<\/div>\n\t\t\t\t\t\t<\/div>\n\t\t\t\t<\/div>\n\t\t\t\t<section class=\"elementor-section elementor-inner-section elementor-element elementor-element-0497c4e elementor-section-boxed elementor-section-height-default elementor-section-height-default\" data-id=\"0497c4e\" data-element_type=\"section\">\n\t\t\t\t\t\t<div class=\"elementor-container elementor-column-gap-default\">\n\t\t\t\t\t<div class=\"elementor-column elementor-col-50 elementor-inner-column elementor-element elementor-element-a3f6a69\" data-id=\"a3f6a69\" data-element_type=\"column\">\n\t\t\t<div class=\"elementor-widget-wrap elementor-element-populated\">\n\t\t\t\t\t\t<div class=\"elementor-element elementor-element-1e5fe57 image-width-full elementor-widget elementor-widget-mae-gallery-stack\" data-id=\"1e5fe57\" data-element_type=\"widget\" data-widget_type=\"mae-gallery-stack.default\">\n\t\t\t\t<div class=\"elementor-widget-container\">\n\t\t\t\t\t\t\t<div class=\"master-gallery-stack\">\n\t\t\t<div class=\"master-fancy-image master-animation elementor-repeater-item-529f387\" data-top=\"0px\" data-animation=\"reveal revealTop2\" data-calcheight=\"no\">\n    \t\t\t\t\t\t\t\t\t<div class=\"image-wrap\"><img decoding=\"async\" width=\"506\" height=\"436\" src=\"https:\/\/igum.pl\/wp-content\/uploads\/2025\/01\/HANWHA.jpg\" class=\"attachment-full size-full\" alt=\"\" srcset=\"https:\/\/igum.pl\/wp-content\/uploads\/2025\/01\/HANWHA.jpg 506w, https:\/\/igum.pl\/wp-content\/uploads\/2025\/01\/HANWHA-300x258.jpg 300w, https:\/\/igum.pl\/wp-content\/uploads\/2025\/01\/HANWHA-14x12.jpg 14w\" sizes=\"(max-width: 506px) 100vw, 506px\" \/><\/div>\n    \t\t\t\t\t\t\t\t<\/div><div class=\"master-text elementor-repeater-item-9a38dc0\" data-parallax='{\"x\" : 0, \"y\" : -50, \"smoothness\" : 30}'><div class=\"inner default\"><div class=\"decor-grid\">\n    <div class=\"r r1\"><\/div>\n    <div class=\"r r2\"><\/div>\n    <div class=\"r r3\"><\/div>\n    <div class=\"r r4\"><\/div>\n    <div class=\"r r5\"><\/div>\n    <div class=\"r r6\"><\/div>\n    <div class=\"c c1\"><\/div>\n    <div class=\"c c2\"><\/div>\n    <div class=\"c c3\"><\/div>\n    <div class=\"c c4\"><\/div>\n    <div class=\"c c5\"><\/div>\n    <div class=\"c c6\"><\/div>\n<\/div><\/div>\n\t\t\t\t\t\t\t\t<\/div>\t\t<\/div>\n\t    \t\t\t\t<\/div>\n\t\t\t\t<\/div>\n\t\t\t\t\t<\/div>\n\t\t<\/div>\n\t\t\t\t<div class=\"elementor-column elementor-col-50 elementor-inner-column elementor-element elementor-element-b672941\" data-id=\"b672941\" data-element_type=\"column\">\n\t\t\t<div class=\"elementor-widget-wrap elementor-element-populated\">\n\t\t\t\t\t\t<div class=\"elementor-element elementor-element-41183dd elementor-widget__width-initial icon-position-top icon-default icon-has-bg text-bg-false elementor-widget elementor-widget-mae-counter\" data-id=\"41183dd\" data-element_type=\"widget\" data-widget_type=\"mae-counter.default\">\n\t\t\t\t<div class=\"elementor-widget-container\">\n\t\t\t\t\t\t\t\t\t<div class=\"master-counter\" data-format=\"default\">\n\t\t\t\n\t\t\t<div class=\"inner\">\n\t\t\t\t<div class=\"number-wrap\">\n\t\t\t\t\t<span class=\"number\" data-to=\"35\" data-time= \"1500\"><\/span>\n\t\t\t\t\t\t\t\t\t<\/div>\n\n\t\t\t\t\t\t\t<\/div>\n\n\t\t\t\t    <\/div>\n\n\t    \t\t\t\t<\/div>\n\t\t\t\t<\/div>\n\t\t\t\t<div class=\"elementor-element elementor-element-d6d1dc4 elementor-widget__width-auto elementor-widget elementor-widget-heading\" data-id=\"d6d1dc4\" data-element_type=\"widget\" data-widget_type=\"heading.default\">\n\t\t\t\t<div class=\"elementor-widget-container\">\n\t\t\t\t\t<h2 class=\"elementor-heading-title elementor-size-default\">lat do\u015bwiadczenia\n<\/h2>\t\t\t\t<\/div>\n\t\t\t\t<\/div>\n\t\t\t\t<div class=\"elementor-element elementor-element-2bfa577 elementor-widget elementor-widget-heading\" data-id=\"2bfa577\" data-element_type=\"widget\" data-widget_type=\"heading.default\">\n\t\t\t\t<div class=\"elementor-widget-container\">\n\t\t\t\t\t<h2 class=\"elementor-heading-title elementor-size-default\">Stawiamy na innowacje i rozwi\u0105zywanie problem\u00f3w<\/h2>\t\t\t\t<\/div>\n\t\t\t\t<\/div>\n\t\t\t\t<div class=\"elementor-element elementor-element-57dc255 align-left list-default icon-default elementor-widget elementor-widget-mae-list\" data-id=\"57dc255\" data-element_type=\"widget\" data-widget_type=\"mae-list.default\">\n\t\t\t\t<div class=\"elementor-widget-container\">\n\t\t\t\t\t\n\t\t<div class=\"master-list\">\n\t\t\t\t\t\t\t<div class=\"master-icon-text list-item\">\n\t\t\t\t        \t\t\t        <div class=\"icon-wrap\">\n    \t\t\t\t        <i aria-hidden=\"true\" class=\"ci ci-check\"><\/i>    \t\t\t        <\/div> \n    \t\t\t    \n\t\t\t        <div class=\"content-wrap\">\n\t\t\t            Oferujemy kompleksowe wsparcie dla ka\u017cdego projektu \u2013 od indywidualnych zlece\u0144 po realizacj\u0119 ca\u0142o\u015bciowych kontrakt\u00f3w produkcyjnych.\t\t\t        <\/div>\n\t\t\t        \n\t\t\t        \t\t\t    <\/div>\n\t\t    \t\t\t\t<div class=\"master-icon-text list-item\">\n\t\t\t\t        \t\t\t        <div class=\"icon-wrap\">\n    \t\t\t\t        <i aria-hidden=\"true\" class=\"ci ci-check\"><\/i>    \t\t\t        <\/div> \n    \t\t\t    \n\t\t\t        <div class=\"content-wrap\">\n\t\t\t            Nasz zesp\u00f3\u0142 specjalist\u00f3w zapewnia wysok\u0105 jako\u015b\u0107 wykonania oraz precyzyjn\u0105 kontrol\u0119 na ka\u017cdym etapie produkcji.\t\t\t        <\/div>\n\t\t\t        \n\t\t\t        \t\t\t    <\/div>\n\t\t    \t\t\t\t<div class=\"master-icon-text list-item\">\n\t\t\t\t        \t\t\t        <div class=\"icon-wrap\">\n    \t\t\t\t        <i aria-hidden=\"true\" class=\"ci ci-check\"><\/i>    \t\t\t        <\/div> \n    \t\t\t    \n\t\t\t        <div class=\"content-wrap\">\n\t\t\t            Wykorzystujemy zaawansowane technologie oraz elastyczne podej\u015bcie, aby dostosowa\u0107 si\u0119 do specyficznych potrzeb naszych klient\u00f3w.\t\t\t        <\/div>\n\t\t\t        \n\t\t\t        \t\t\t    <\/div>\n\t\t    \t\t<\/div>\n\t\t\t\t\t<\/div>\n\t\t\t\t<\/div>\n\t\t\t\t\t<\/div>\n\t\t<\/div>\n\t\t\t\t\t<\/div>\n\t\t<\/section>\n\t\t\t\t<div class=\"elementor-element elementor-element-b30caf9 elementor-widget elementor-widget-spacer\" data-id=\"b30caf9\" data-element_type=\"widget\" data-widget_type=\"spacer.default\">\n\t\t\t\t<div class=\"elementor-widget-container\">\n\t\t\t\t\t\t\t<div class=\"elementor-spacer\">\n\t\t\t<div class=\"elementor-spacer-inner\"><\/div>\n\t\t<\/div>\n\t\t\t\t\t\t<\/div>\n\t\t\t\t<\/div>\n\t\t\t\t\t<\/div>\n\t\t<\/div>\n\t\t\t\t\t<\/div>\n\t\t<\/section>\n\t\t\t\t<\/div>","protected":false},"excerpt":{"rendered":"<p>O nas Profesjonalizm, innowacja i do\u015bwiadczenie. poznaj IGUM Sp. z o.o. Dostarczamy jako\u015b\u0107 i precyzj\u0119 w ka\u017cdym projekcie Przedsi\u0119biorstwo Handlowo-Us\u0142ugowo-Produkcyjne IGUM Sp. z o.o. z siedzib\u0105 w Bielsku-Bia\u0142ej jest liderem w dziedzinie precyzyjnej obr\u00f3bki metali, dostarczaj\u0105cym wysokiej jako\u015bci komponenty dla przemys\u0142u motoryzacyjnego, maszynowego oraz wielu innych bran\u017c. Od momentu za\u0142o\u017cenia<\/p>","protected":false},"author":1,"featured_media":0,"parent":0,"menu_order":0,"comment_status":"closed","ping_status":"closed","template":"","meta":{"footnotes":""},"class_list":["post-3874","page","type-page","status-publish","hentry"],"yoast_head":"<!-- This site is optimized with the Yoast SEO plugin v24.4 - https:\/\/yoast.com\/wordpress\/plugins\/seo\/ -->\n<title>O nas - Igum - Obr\u00f3bka Metali<\/title>\n<meta name=\"robots\" content=\"index, follow, max-snippet:-1, max-image-preview:large, max-video-preview:-1\" \/>\n<link rel=\"canonical\" href=\"https:\/\/igum.pl\/en\/o-nas\/\" \/>\n<meta property=\"og:locale\" content=\"en_GB\" \/>\n<meta property=\"og:type\" content=\"article\" \/>\n<meta property=\"og:title\" content=\"O nas - Igum - Obr\u00f3bka Metali\" \/>\n<meta property=\"og:description\" content=\"O nas Profesjonalizm, innowacja i do\u015bwiadczenie. poznaj IGUM Sp. z o.o. Dostarczamy jako\u015b\u0107 i precyzj\u0119 w ka\u017cdym projekcie Przedsi\u0119biorstwo Handlowo-Us\u0142ugowo-Produkcyjne IGUM Sp. z o.o. z siedzib\u0105 w Bielsku-Bia\u0142ej jest liderem w dziedzinie precyzyjnej obr\u00f3bki metali, dostarczaj\u0105cym wysokiej jako\u015bci komponenty dla przemys\u0142u motoryzacyjnego, maszynowego oraz wielu innych bran\u017c. Od momentu za\u0142o\u017cenia\" \/>\n<meta property=\"og:url\" content=\"https:\/\/igum.pl\/en\/o-nas\/\" \/>\n<meta property=\"og:site_name\" content=\"Igum - Obr\u00f3bka Metali\" \/>\n<meta property=\"article:modified_time\" content=\"2025-01-29T20:02:06+00:00\" \/>\n<meta property=\"og:image\" content=\"https:\/\/igum.pl\/wp-content\/uploads\/2025\/01\/szlifierka-CNC-do-otworow.png\" \/>\n<meta name=\"twitter:card\" content=\"summary_large_image\" \/>\n<meta name=\"twitter:label1\" content=\"Estimated reading time\" \/>\n\t<meta name=\"twitter:data1\" content=\"3 minutes\" \/>\n<script type=\"application\/ld+json\" class=\"yoast-schema-graph\">{\"@context\":\"https:\/\/schema.org\",\"@graph\":[{\"@type\":\"WebPage\",\"@id\":\"https:\/\/igum.pl\/o-nas\/\",\"url\":\"https:\/\/igum.pl\/o-nas\/\",\"name\":\"O nas - Igum - Obr\u00f3bka Metali\",\"isPartOf\":{\"@id\":\"https:\/\/igum.pl\/#website\"},\"primaryImageOfPage\":{\"@id\":\"https:\/\/igum.pl\/o-nas\/#primaryimage\"},\"image\":{\"@id\":\"https:\/\/igum.pl\/o-nas\/#primaryimage\"},\"thumbnailUrl\":\"https:\/\/igum.pl\/wp-content\/uploads\/2025\/01\/szlifierka-CNC-do-otworow.png\",\"datePublished\":\"2023-10-03T05:59:32+00:00\",\"dateModified\":\"2025-01-29T20:02:06+00:00\",\"breadcrumb\":{\"@id\":\"https:\/\/igum.pl\/o-nas\/#breadcrumb\"},\"inLanguage\":\"en-GB\",\"potentialAction\":[{\"@type\":\"ReadAction\",\"target\":[\"https:\/\/igum.pl\/o-nas\/\"]}]},{\"@type\":\"ImageObject\",\"inLanguage\":\"en-GB\",\"@id\":\"https:\/\/igum.pl\/o-nas\/#primaryimage\",\"url\":\"https:\/\/igum.pl\/wp-content\/uploads\/2025\/01\/szlifierka-CNC-do-otworow.png\",\"contentUrl\":\"https:\/\/igum.pl\/wp-content\/uploads\/2025\/01\/szlifierka-CNC-do-otworow.png\"},{\"@type\":\"BreadcrumbList\",\"@id\":\"https:\/\/igum.pl\/o-nas\/#breadcrumb\",\"itemListElement\":[{\"@type\":\"ListItem\",\"position\":1,\"name\":\"Strona g\u0142\u00f3wna\",\"item\":\"https:\/\/igum.pl\/\"},{\"@type\":\"ListItem\",\"position\":2,\"name\":\"O nas\"}]},{\"@type\":\"WebSite\",\"@id\":\"https:\/\/igum.pl\/#website\",\"url\":\"https:\/\/igum.pl\/\",\"name\":\"Igum - Obr\u00f3bka Metali\",\"description\":\"\",\"potentialAction\":[{\"@type\":\"SearchAction\",\"target\":{\"@type\":\"EntryPoint\",\"urlTemplate\":\"https:\/\/igum.pl\/?s={search_term_string}\"},\"query-input\":{\"@type\":\"PropertyValueSpecification\",\"valueRequired\":true,\"valueName\":\"search_term_string\"}}],\"inLanguage\":\"en-GB\"}]}<\/script>\n<!-- \/ Yoast SEO plugin. -->","yoast_head_json":{"title":"O nas - Igum - Obr\u00f3bka Metali","robots":{"index":"index","follow":"follow","max-snippet":"max-snippet:-1","max-image-preview":"max-image-preview:large","max-video-preview":"max-video-preview:-1"},"canonical":"https:\/\/igum.pl\/en\/o-nas\/","og_locale":"en_GB","og_type":"article","og_title":"O nas - Igum - Obr\u00f3bka Metali","og_description":"O nas Profesjonalizm, innowacja i do\u015bwiadczenie. poznaj IGUM Sp. z o.o. Dostarczamy jako\u015b\u0107 i precyzj\u0119 w ka\u017cdym projekcie Przedsi\u0119biorstwo Handlowo-Us\u0142ugowo-Produkcyjne IGUM Sp. z o.o. z siedzib\u0105 w Bielsku-Bia\u0142ej jest liderem w dziedzinie precyzyjnej obr\u00f3bki metali, dostarczaj\u0105cym wysokiej jako\u015bci komponenty dla przemys\u0142u motoryzacyjnego, maszynowego oraz wielu innych bran\u017c. Od momentu za\u0142o\u017cenia","og_url":"https:\/\/igum.pl\/en\/o-nas\/","og_site_name":"Igum - Obr\u00f3bka Metali","article_modified_time":"2025-01-29T20:02:06+00:00","og_image":[{"url":"https:\/\/igum.pl\/wp-content\/uploads\/2025\/01\/szlifierka-CNC-do-otworow.png","type":"","width":"","height":""}],"twitter_card":"summary_large_image","twitter_misc":{"Estimated reading time":"3 minutes"},"schema":{"@context":"https:\/\/schema.org","@graph":[{"@type":"WebPage","@id":"https:\/\/igum.pl\/o-nas\/","url":"https:\/\/igum.pl\/o-nas\/","name":"O nas - Igum - Obr\u00f3bka Metali","isPartOf":{"@id":"https:\/\/igum.pl\/#website"},"primaryImageOfPage":{"@id":"https:\/\/igum.pl\/o-nas\/#primaryimage"},"image":{"@id":"https:\/\/igum.pl\/o-nas\/#primaryimage"},"thumbnailUrl":"https:\/\/igum.pl\/wp-content\/uploads\/2025\/01\/szlifierka-CNC-do-otworow.png","datePublished":"2023-10-03T05:59:32+00:00","dateModified":"2025-01-29T20:02:06+00:00","breadcrumb":{"@id":"https:\/\/igum.pl\/o-nas\/#breadcrumb"},"inLanguage":"en-GB","potentialAction":[{"@type":"ReadAction","target":["https:\/\/igum.pl\/o-nas\/"]}]},{"@type":"ImageObject","inLanguage":"en-GB","@id":"https:\/\/igum.pl\/o-nas\/#primaryimage","url":"https:\/\/igum.pl\/wp-content\/uploads\/2025\/01\/szlifierka-CNC-do-otworow.png","contentUrl":"https:\/\/igum.pl\/wp-content\/uploads\/2025\/01\/szlifierka-CNC-do-otworow.png"},{"@type":"BreadcrumbList","@id":"https:\/\/igum.pl\/o-nas\/#breadcrumb","itemListElement":[{"@type":"ListItem","position":1,"name":"Strona g\u0142\u00f3wna","item":"https:\/\/igum.pl\/"},{"@type":"ListItem","position":2,"name":"O nas"}]},{"@type":"WebSite","@id":"https:\/\/igum.pl\/#website","url":"https:\/\/igum.pl\/","name":"Igum - Obr\u00f3bka Metali","description":"","potentialAction":[{"@type":"SearchAction","target":{"@type":"EntryPoint","urlTemplate":"https:\/\/igum.pl\/?s={search_term_string}"},"query-input":{"@type":"PropertyValueSpecification","valueRequired":true,"valueName":"search_term_string"}}],"inLanguage":"en-GB"}]}},"_links":{"self":[{"href":"https:\/\/igum.pl\/en\/wp-json\/wp\/v2\/pages\/3874","targetHints":{"allow":["GET"]}}],"collection":[{"href":"https:\/\/igum.pl\/en\/wp-json\/wp\/v2\/pages"}],"about":[{"href":"https:\/\/igum.pl\/en\/wp-json\/wp\/v2\/types\/page"}],"author":[{"embeddable":true,"href":"https:\/\/igum.pl\/en\/wp-json\/wp\/v2\/users\/1"}],"replies":[{"embeddable":true,"href":"https:\/\/igum.pl\/en\/wp-json\/wp\/v2\/comments?post=3874"}],"version-history":[{"count":38,"href":"https:\/\/igum.pl\/en\/wp-json\/wp\/v2\/pages\/3874\/revisions"}],"predecessor-version":[{"id":6751,"href":"https:\/\/igum.pl\/en\/wp-json\/wp\/v2\/pages\/3874\/revisions\/6751"}],"wp:attachment":[{"href":"https:\/\/igum.pl\/en\/wp-json\/wp\/v2\/media?parent=3874"}],"curies":[{"name":"wp","href":"https:\/\/api.w.org\/{rel}","templated":true}]}}