{"id":6698,"date":"2025-01-06T23:13:47","date_gmt":"2025-01-06T22:13:47","guid":{"rendered":"https:\/\/igum.pl\/?page_id=6698"},"modified":"2025-01-06T23:24:41","modified_gmt":"2025-01-06T22:24:41","slug":"fundusze-europejskie","status":"publish","type":"page","link":"http:\/\/igum.pl\/en\/fundusze-europejskie\/","title":{"rendered":"Fundusze europejskie"},"content":{"rendered":"<div data-elementor-type=\"wp-page\" data-elementor-id=\"6698\" class=\"elementor elementor-6698\">\n\t\t\t\t\t\t<section class=\"elementor-section elementor-top-section elementor-element elementor-element-15a815c elementor-section-boxed elementor-section-height-default elementor-section-height-default\" data-id=\"15a815c\" data-element_type=\"section\">\n\t\t\t\t\t\t<div class=\"elementor-container elementor-column-gap-default\">\n\t\t\t\t\t<div class=\"elementor-column elementor-col-100 elementor-top-column elementor-element elementor-element-defe148\" data-id=\"defe148\" data-element_type=\"column\">\n\t\t\t<div class=\"elementor-widget-wrap elementor-element-populated\">\n\t\t\t\t\t\t<div class=\"elementor-element elementor-element-aa5db8c elementor-widget elementor-widget-mae-vertical-lines\" data-id=\"aa5db8c\" data-element_type=\"widget\" data-widget_type=\"mae-vertical-lines.default\">\n\t\t\t\t<div class=\"elementor-widget-container\">\n\t\t\t\t\t        <div class=\"master-vertical-lines\">\n                            <div class=\"line elementor-repeater-item-1635f37\"><\/div> \n                            <div class=\"line elementor-repeater-item-8e93fdb\"><\/div> \n                            <div class=\"line elementor-repeater-item-ae0f20a\"><\/div> \n                            <div class=\"line elementor-repeater-item-298b641\"><\/div> \n                    <\/div>\n        \t\t\t\t<\/div>\n\t\t\t\t<\/div>\n\t\t\t\t\t<\/div>\n\t\t<\/div>\n\t\t\t\t\t<\/div>\n\t\t<\/section>\n\t\t\t\t<section class=\"elementor-section elementor-top-section elementor-element elementor-element-4c59f5e elementor-section-boxed elementor-section-height-default elementor-section-height-default\" data-id=\"4c59f5e\" data-element_type=\"section\">\n\t\t\t\t\t\t<div class=\"elementor-container elementor-column-gap-no\">\n\t\t\t\t\t<div class=\"elementor-column elementor-col-100 elementor-top-column elementor-element elementor-element-53df721\" data-id=\"53df721\" data-element_type=\"column\">\n\t\t\t<div class=\"elementor-widget-wrap elementor-element-populated\">\n\t\t\t\t\t\t<div class=\"elementor-element elementor-element-9fbf872 align-center heading-default elementor-widget elementor-widget-mae-headings\" data-id=\"9fbf872\" data-element_type=\"widget\" data-widget_type=\"mae-headings.default\">\n\t\t\t\t<div class=\"elementor-widget-container\">\n\t\t\t\t\t\t\t<div class=\"master-heading sep-none\">\n\t\t\t\t\t\t\t        \t        \t<div class=\"pre-heading\"><span class=\"line\"><span class=\"inner\"><\/span><\/span>European Funds<\/div>\n\t        \n\t        \n\t        \t        <h2 class=\"main-heading\">Innovative production technologies - development supported by European Funds<\/h2>\n\t        \n\t        \n\t        \t    <\/div>\n\t    \t\t\t\t<\/div>\n\t\t\t\t<\/div>\n\t\t\t\t\t<\/div>\n\t\t<\/div>\n\t\t\t\t\t<\/div>\n\t\t<\/section>\n\t\t<div class=\"elementor-element elementor-element-585f904 e-flex e-con-boxed e-con e-parent\" data-id=\"585f904\" data-element_type=\"container\">\n\t\t\t\t\t<div class=\"e-con-inner\">\n\t\t\t\t<div class=\"elementor-element elementor-element-909e294 elementor-widget elementor-widget-image\" data-id=\"909e294\" data-element_type=\"widget\" data-widget_type=\"image.default\">\n\t\t\t\t<div class=\"elementor-widget-container\">\n\t\t\t\t\t\t\t\t\t\t\t\t\t\t\t<img fetchpriority=\"high\" decoding=\"async\" width=\"1024\" height=\"103\" src=\"https:\/\/igum.pl\/wp-content\/uploads\/2025\/01\/baner_ue-1024x103.png\" class=\"attachment-large size-large wp-image-6703\" alt=\"\" srcset=\"https:\/\/igum.pl\/wp-content\/uploads\/2025\/01\/baner_ue-1024x103.png 1024w, https:\/\/igum.pl\/wp-content\/uploads\/2025\/01\/baner_ue-300x30.png 300w, https:\/\/igum.pl\/wp-content\/uploads\/2025\/01\/baner_ue-768x77.png 768w, https:\/\/igum.pl\/wp-content\/uploads\/2025\/01\/baner_ue-18x2.png 18w, https:\/\/igum.pl\/wp-content\/uploads\/2025\/01\/baner_ue.png 1261w\" sizes=\"(max-width: 1024px) 100vw, 1024px\" \/>\t\t\t\t\t\t\t\t\t\t\t\t\t\t\t<\/div>\n\t\t\t\t<\/div>\n\t\t\t\t<div class=\"elementor-element elementor-element-853291a elementor-widget elementor-widget-text-editor\" data-id=\"853291a\" data-element_type=\"widget\" data-widget_type=\"text-editor.default\">\n\t\t\t\t<div class=\"elementor-widget-container\">\n\t\t\t\t\t\t\t\t\t<p>Przedsi\u0119biorstwo Handlowo - Us\u0142ugowo - Produkcyjne IGUM Sp. z o. o. is implementing a project subsidized by European Funds\u00a0<strong>\u201cImplementation of a process and product innovation in the field of precision metalworking, including the manufacture of steering column worm gear shafts using an innovative process line.\u201d<\/strong><\/p><p>The subject of this project is the diversification of the company's activities, a fundamental change in the production process and an increase in production capacity through the implementation of a product and process innovation in the field of precision metalworking, including the manufacture of complex steering column worm gear shafts. The project includes the purchase of an innovative technological line that will manufacture target components in a fully automated process. The innovative technological line will achieve the following results:<\/p><ul><li>The highest classified level of shaft precision (IT5 position and diameter accuracy),<\/li><li>100% product safety,<\/li><li>3.5-fold increase in production efficiency,<\/li><li>Significant energy savings (reduction in the cost of energy consumption by 0.07 PLN\/shaft);<\/li><li>greater ergonomics of operation,<\/li><li>Saving costs associated with handling the process.<\/li><\/ul><p>The main objective of the project is to increase the competitiveness of Handlowo-Service-Production Company IGUM Sp. z o.o. through the implementation of innovative technology in the field of precision metalworking. This goal will be achieved through the implementation of the following specific objectives:<\/p><ol><li>Diversification of the company's offerings,<\/li><li>Improving the quality of services provided,<\/li><li>Shortening the production cycle and increasing production capacity.<\/li><\/ol><p><strong>Total project value:<\/strong>\u00a0\u00a0\u00a0\u00a0\u00a0\u00a0\u00a0\u00a0\u00a0\u00a0\u00a0\u00a0\u00a0\u00a0\u00a0\u00a0\u00a0\u00a0\u00a0\u00a0 1\u00a0740 609,90 PLN<\/p><p><strong>Eligible Expenses:\u00a0<\/strong>\u00a0\u00a0\u00a0\u00a0\u00a0\u00a0\u00a0\u00a0\u00a0\u00a0\u00a0\u00a0\u00a0\u00a0\u00a0\u00a0\u00a0\u00a0\u00a0\u00a0\u00a0\u00a0\u00a0\u00a0\u00a0\u00a0\u00a0 1\u00a0415 130,00 PLN<\/p><p><strong>Contribution of European Funds:<\/strong>\u00a0495 295,50 PLN<\/p>\t\t\t\t\t\t\t\t<\/div>\n\t\t\t\t<\/div>\n\t\t\t\t\t<\/div>\n\t\t\t\t<\/div>\n\t\t<div class=\"elementor-element elementor-element-d2dadfc e-flex e-con-boxed e-con e-parent\" data-id=\"d2dadfc\" data-element_type=\"container\">\n\t\t\t\t\t<div class=\"e-con-inner\">\n\t\t\t\t<div class=\"elementor-element elementor-element-6ac4801 elementor-widget elementor-widget-text-editor\" data-id=\"6ac4801\" data-element_type=\"widget\" data-widget_type=\"text-editor.default\">\n\t\t\t\t<div class=\"elementor-widget-container\">\n\t\t\t\t\t\t\t\t\t<section id=\"section-id-1612263731210\" class=\"sppb-section\"><div class=\"sppb-row-container\"><div class=\"sppb-section-title sppb-text-center\"><h3 class=\"sppb-title-heading\">\u201cGrant for working capital for Przedsi\u0119biorstwo Handlowo - Us\u0142ugowo - Produkcyjne IGUM Sp. z o.o.\u201d<\/h3><p class=\"sppb-title-subheading\">IGUM Sp. z o.o. is implementing a project subsidized by European Funds \u201cGrant for working capital for Przedsi\u0119biorstwo Handlowo - Us\u0142ugowo - Produkcyjne IGUM Sp. z o.o. \u201dThe aim of the project is to keep the enterprise running Subsidized by the EU: 131 208 PLN<\/p><\/div><\/div><\/section>\t\t\t\t\t\t\t\t<\/div>\n\t\t\t\t<\/div>\n\t\t\t\t\t<\/div>\n\t\t\t\t<\/div>\n\t\t<div class=\"elementor-element elementor-element-5cf8961 e-flex e-con-boxed e-con e-parent\" data-id=\"5cf8961\" data-element_type=\"container\">\n\t\t\t\t\t<div class=\"e-con-inner\">\n\t\t\t\t<div class=\"elementor-element elementor-element-7733a02 elementor-widget elementor-widget-text-editor\" data-id=\"7733a02\" data-element_type=\"widget\" data-widget_type=\"text-editor.default\">\n\t\t\t\t<div class=\"elementor-widget-container\">\n\t\t\t\t\t\t\t\t\t<h3 class=\"sppb-title-heading\">\u201cPurchase of a 5-axis machining center to maintain jobs and improve the competitiveness of the company\u201d<\/h3><p class=\"sppb-title-subheading\">Przedsi\u0119biorstwo Handlowo - Us\u0142ugowo - Produkcyjne IGUM Sp. z o.o. is implementing a project co-financed by European Funds entitled \u201cPurchase of a 5-axis machining center to maintain jobs and improve the competitiveness of the company\u201d. The subject of the project is to retrofit the machinery park with a modern 5-axis machining center, purchase CAM software and conduct specialized training on the operation of the device and software. Implementation of the project will directly contribute to increasing the production capacity of PHUP IGUM Sp. z o.o. , maintaining jobs and increasing the company's competitiveness. Thanks to the subsidy, the Company will gain the ability to accept and execute short-run orders with the help of precise 5-axis machining and software facilitating quick adjustment of the machining program for a given detail. Total project value: 605,016.09 PLN Eligible expenditure: 491,883.00 PLN European Funds contribution: 418,100.55 PLN<\/p>\t\t\t\t\t\t\t\t<\/div>\n\t\t\t\t<\/div>\n\t\t\t\t\t<\/div>\n\t\t\t\t<\/div>\n\t\t\t\t<\/div>","protected":false},"excerpt":{"rendered":"<p>Fundusze Europejskie Innowacyjne technologie produkcyjne \u2013 rozw\u00f3j wsparty Funduszami Europejskimi Przedsi\u0119biorstwo Handlowo \u2013 Us\u0142ugowo \u2013 Produkcyjne IGUM Sp. z o. o. realizuje projekt dofinansowany z Funduszy Europejskich\u00a0\u201eWdro\u017cenie innowacji procesowej i produktowej w\u00a0zakresie precyzyjnej obr\u00f3bki metali, w\u00a0tym obejmuj\u0105cej wytwarzanie wa\u0142k\u00f3w przek\u0142adni \u015blimakowej kolumny kierowniczej przy wykorzystaniu innowacyjnej linii technologicznej\u201d. Przedmiotem niniejszego<\/p>","protected":false},"author":1,"featured_media":0,"parent":0,"menu_order":0,"comment_status":"closed","ping_status":"closed","template":"","meta":{"footnotes":""},"class_list":["post-6698","page","type-page","status-publish","hentry"],"yoast_head":"<!-- This site is optimized with the Yoast SEO plugin v24.4 - https:\/\/yoast.com\/wordpress\/plugins\/seo\/ -->\n<title>Fundusze europejskie - Igum - Obr\u00f3bka Metali<\/title>\n<meta name=\"robots\" content=\"index, follow, max-snippet:-1, max-image-preview:large, max-video-preview:-1\" \/>\n<link rel=\"canonical\" href=\"https:\/\/igum.pl\/en\/fundusze-europejskie\/\" \/>\n<meta property=\"og:locale\" content=\"en_GB\" \/>\n<meta property=\"og:type\" content=\"article\" \/>\n<meta property=\"og:title\" content=\"Fundusze europejskie - Igum - Obr\u00f3bka Metali\" \/>\n<meta property=\"og:description\" content=\"Fundusze Europejskie Innowacyjne technologie produkcyjne \u2013 rozw\u00f3j wsparty Funduszami Europejskimi Przedsi\u0119biorstwo Handlowo \u2013 Us\u0142ugowo \u2013 Produkcyjne IGUM Sp. z o. o. realizuje projekt dofinansowany z Funduszy Europejskich\u00a0\u201eWdro\u017cenie innowacji procesowej i produktowej w\u00a0zakresie precyzyjnej obr\u00f3bki metali, w\u00a0tym obejmuj\u0105cej wytwarzanie wa\u0142k\u00f3w przek\u0142adni \u015blimakowej kolumny kierowniczej przy wykorzystaniu innowacyjnej linii technologicznej\u201d. Przedmiotem niniejszego\" \/>\n<meta property=\"og:url\" content=\"https:\/\/igum.pl\/en\/fundusze-europejskie\/\" \/>\n<meta property=\"og:site_name\" content=\"Igum - Obr\u00f3bka Metali\" \/>\n<meta property=\"article:modified_time\" content=\"2025-01-06T22:24:41+00:00\" \/>\n<meta property=\"og:image\" content=\"https:\/\/igum.pl\/wp-content\/uploads\/2025\/01\/baner_ue.png\" \/>\n\t<meta property=\"og:image:width\" content=\"1261\" \/>\n\t<meta property=\"og:image:height\" content=\"127\" \/>\n\t<meta property=\"og:image:type\" content=\"image\/png\" \/>\n<meta name=\"twitter:card\" content=\"summary_large_image\" \/>\n<meta name=\"twitter:label1\" content=\"Estimated reading time\" \/>\n\t<meta name=\"twitter:data1\" content=\"2 minutes\" \/>\n<script type=\"application\/ld+json\" class=\"yoast-schema-graph\">{\"@context\":\"https:\/\/schema.org\",\"@graph\":[{\"@type\":\"WebPage\",\"@id\":\"https:\/\/igum.pl\/fundusze-europejskie\/\",\"url\":\"https:\/\/igum.pl\/fundusze-europejskie\/\",\"name\":\"Fundusze europejskie - Igum - Obr\u00f3bka Metali\",\"isPartOf\":{\"@id\":\"https:\/\/igum.pl\/#website\"},\"primaryImageOfPage\":{\"@id\":\"https:\/\/igum.pl\/fundusze-europejskie\/#primaryimage\"},\"image\":{\"@id\":\"https:\/\/igum.pl\/fundusze-europejskie\/#primaryimage\"},\"thumbnailUrl\":\"https:\/\/igum.pl\/wp-content\/uploads\/2025\/01\/baner_ue-1024x103.png\",\"datePublished\":\"2025-01-06T22:13:47+00:00\",\"dateModified\":\"2025-01-06T22:24:41+00:00\",\"breadcrumb\":{\"@id\":\"https:\/\/igum.pl\/fundusze-europejskie\/#breadcrumb\"},\"inLanguage\":\"en-GB\",\"potentialAction\":[{\"@type\":\"ReadAction\",\"target\":[\"https:\/\/igum.pl\/fundusze-europejskie\/\"]}]},{\"@type\":\"ImageObject\",\"inLanguage\":\"en-GB\",\"@id\":\"https:\/\/igum.pl\/fundusze-europejskie\/#primaryimage\",\"url\":\"https:\/\/igum.pl\/wp-content\/uploads\/2025\/01\/baner_ue-1024x103.png\",\"contentUrl\":\"https:\/\/igum.pl\/wp-content\/uploads\/2025\/01\/baner_ue-1024x103.png\"},{\"@type\":\"BreadcrumbList\",\"@id\":\"https:\/\/igum.pl\/fundusze-europejskie\/#breadcrumb\",\"itemListElement\":[{\"@type\":\"ListItem\",\"position\":1,\"name\":\"Strona g\u0142\u00f3wna\",\"item\":\"https:\/\/igum.pl\/\"},{\"@type\":\"ListItem\",\"position\":2,\"name\":\"Fundusze europejskie\"}]},{\"@type\":\"WebSite\",\"@id\":\"https:\/\/igum.pl\/#website\",\"url\":\"https:\/\/igum.pl\/\",\"name\":\"Igum - Obr\u00f3bka Metali\",\"description\":\"\",\"potentialAction\":[{\"@type\":\"SearchAction\",\"target\":{\"@type\":\"EntryPoint\",\"urlTemplate\":\"https:\/\/igum.pl\/?s={search_term_string}\"},\"query-input\":{\"@type\":\"PropertyValueSpecification\",\"valueRequired\":true,\"valueName\":\"search_term_string\"}}],\"inLanguage\":\"en-GB\"}]}<\/script>\n<!-- \/ Yoast SEO plugin. -->","yoast_head_json":{"title":"Fundusze europejskie - Igum - Obr\u00f3bka Metali","robots":{"index":"index","follow":"follow","max-snippet":"max-snippet:-1","max-image-preview":"max-image-preview:large","max-video-preview":"max-video-preview:-1"},"canonical":"https:\/\/igum.pl\/en\/fundusze-europejskie\/","og_locale":"en_GB","og_type":"article","og_title":"Fundusze europejskie - Igum - Obr\u00f3bka Metali","og_description":"Fundusze Europejskie Innowacyjne technologie produkcyjne \u2013 rozw\u00f3j wsparty Funduszami Europejskimi Przedsi\u0119biorstwo Handlowo \u2013 Us\u0142ugowo \u2013 Produkcyjne IGUM Sp. z o. o. realizuje projekt dofinansowany z Funduszy Europejskich\u00a0\u201eWdro\u017cenie innowacji procesowej i produktowej w\u00a0zakresie precyzyjnej obr\u00f3bki metali, w\u00a0tym obejmuj\u0105cej wytwarzanie wa\u0142k\u00f3w przek\u0142adni \u015blimakowej kolumny kierowniczej przy wykorzystaniu innowacyjnej linii technologicznej\u201d. Przedmiotem niniejszego","og_url":"https:\/\/igum.pl\/en\/fundusze-europejskie\/","og_site_name":"Igum - Obr\u00f3bka Metali","article_modified_time":"2025-01-06T22:24:41+00:00","og_image":[{"width":1261,"height":127,"url":"https:\/\/igum.pl\/wp-content\/uploads\/2025\/01\/baner_ue.png","type":"image\/png"}],"twitter_card":"summary_large_image","twitter_misc":{"Estimated reading time":"2 minutes"},"schema":{"@context":"https:\/\/schema.org","@graph":[{"@type":"WebPage","@id":"https:\/\/igum.pl\/fundusze-europejskie\/","url":"https:\/\/igum.pl\/fundusze-europejskie\/","name":"Fundusze europejskie - Igum - Obr\u00f3bka Metali","isPartOf":{"@id":"https:\/\/igum.pl\/#website"},"primaryImageOfPage":{"@id":"https:\/\/igum.pl\/fundusze-europejskie\/#primaryimage"},"image":{"@id":"https:\/\/igum.pl\/fundusze-europejskie\/#primaryimage"},"thumbnailUrl":"https:\/\/igum.pl\/wp-content\/uploads\/2025\/01\/baner_ue-1024x103.png","datePublished":"2025-01-06T22:13:47+00:00","dateModified":"2025-01-06T22:24:41+00:00","breadcrumb":{"@id":"https:\/\/igum.pl\/fundusze-europejskie\/#breadcrumb"},"inLanguage":"en-GB","potentialAction":[{"@type":"ReadAction","target":["https:\/\/igum.pl\/fundusze-europejskie\/"]}]},{"@type":"ImageObject","inLanguage":"en-GB","@id":"https:\/\/igum.pl\/fundusze-europejskie\/#primaryimage","url":"https:\/\/igum.pl\/wp-content\/uploads\/2025\/01\/baner_ue-1024x103.png","contentUrl":"https:\/\/igum.pl\/wp-content\/uploads\/2025\/01\/baner_ue-1024x103.png"},{"@type":"BreadcrumbList","@id":"https:\/\/igum.pl\/fundusze-europejskie\/#breadcrumb","itemListElement":[{"@type":"ListItem","position":1,"name":"Strona g\u0142\u00f3wna","item":"https:\/\/igum.pl\/"},{"@type":"ListItem","position":2,"name":"Fundusze europejskie"}]},{"@type":"WebSite","@id":"https:\/\/igum.pl\/#website","url":"https:\/\/igum.pl\/","name":"Igum - Obr\u00f3bka Metali","description":"","potentialAction":[{"@type":"SearchAction","target":{"@type":"EntryPoint","urlTemplate":"https:\/\/igum.pl\/?s={search_term_string}"},"query-input":{"@type":"PropertyValueSpecification","valueRequired":true,"valueName":"search_term_string"}}],"inLanguage":"en-GB"}]}},"_links":{"self":[{"href":"http:\/\/igum.pl\/en\/wp-json\/wp\/v2\/pages\/6698","targetHints":{"allow":["GET"]}}],"collection":[{"href":"http:\/\/igum.pl\/en\/wp-json\/wp\/v2\/pages"}],"about":[{"href":"http:\/\/igum.pl\/en\/wp-json\/wp\/v2\/types\/page"}],"author":[{"embeddable":true,"href":"http:\/\/igum.pl\/en\/wp-json\/wp\/v2\/users\/1"}],"replies":[{"embeddable":true,"href":"http:\/\/igum.pl\/en\/wp-json\/wp\/v2\/comments?post=6698"}],"version-history":[{"count":7,"href":"http:\/\/igum.pl\/en\/wp-json\/wp\/v2\/pages\/6698\/revisions"}],"predecessor-version":[{"id":6706,"href":"http:\/\/igum.pl\/en\/wp-json\/wp\/v2\/pages\/6698\/revisions\/6706"}],"wp:attachment":[{"href":"http:\/\/igum.pl\/en\/wp-json\/wp\/v2\/media?parent=6698"}],"curies":[{"name":"wp","href":"https:\/\/api.w.org\/{rel}","templated":true}]}}